{"id":4813,"date":"2023-12-19T17:06:38","date_gmt":"2023-12-19T20:06:38","guid":{"rendered":"https:\/\/ruralskies.com.ar\/web2023\/?page_id=4813"},"modified":"2024-02-16T16:00:19","modified_gmt":"2024-02-16T19:00:19","slug":"premios","status":"publish","type":"page","link":"https:\/\/eduardoschaberger.ar\/en\/premios\/","title":{"rendered":"Awards"},"content":{"rendered":"\t\t<div data-elementor-type=\"wp-page\" data-elementor-id=\"4813\" class=\"elementor elementor-4813\" data-elementor-post-type=\"page\">\n\t\t\t\t\t\t<section data-particle_enable=\"false\" data-particle-mobile-disabled=\"false\" class=\"elementor-section elementor-top-section elementor-element elementor-element-68b0240 elementor-section-content-middle elementor-section-boxed elementor-section-height-default elementor-section-height-default\" data-id=\"68b0240\" data-element_type=\"section\" data-e-type=\"section\">\n\t\t\t\t\t\t<div class=\"elementor-container elementor-column-gap-extended\">\n\t\t\t\t\t<div class=\"elementor-column elementor-col-50 elementor-top-column elementor-element elementor-element-73db807 ot-flex-column-vertical\" data-id=\"73db807\" data-element_type=\"column\" data-e-type=\"column\">\n\t\t\t<div class=\"elementor-widget-wrap elementor-element-populated\">\n\t\t\t\t\t\t<div class=\"elementor-element elementor-element-10a5c81 elementor-widget elementor-widget-image\" data-id=\"10a5c81\" data-element_type=\"widget\" data-e-type=\"widget\" data-widget_type=\"image.default\">\n\t\t\t\t<div class=\"elementor-widget-container\">\n\t\t\t\t\t\t\t\t\t\t\t\t\t\t\t<img fetchpriority=\"high\" decoding=\"async\" width=\"623\" height=\"570\" src=\"https:\/\/eduardoschaberger.ar\/wp-content\/uploads\/2023\/12\/img-premios.png\" class=\"attachment-full size-full wp-image-4820\" alt=\"\" srcset=\"https:\/\/eduardoschaberger.ar\/wp-content\/uploads\/2023\/12\/img-premios.png 623w, https:\/\/eduardoschaberger.ar\/wp-content\/uploads\/2023\/12\/img-premios-300x274.png 300w, https:\/\/eduardoschaberger.ar\/wp-content\/uploads\/2023\/12\/img-premios-600x549.png 600w\" sizes=\"(max-width: 623px) 100vw, 623px\" \/>\t\t\t\t\t\t\t\t\t\t\t\t\t\t\t<\/div>\n\t\t\t\t<\/div>\n\t\t\t\t\t<\/div>\n\t\t<\/div>\n\t\t\t\t<div class=\"elementor-column elementor-col-50 elementor-top-column elementor-element elementor-element-76007c2 ot-flex-column-vertical\" data-id=\"76007c2\" data-element_type=\"column\" data-e-type=\"column\">\n\t\t\t<div class=\"elementor-widget-wrap elementor-element-populated\">\n\t\t\t\t\t\t<div class=\"elementor-element elementor-element-433af04 elementor-widget elementor-widget-iheading\" data-id=\"433af04\" data-element_type=\"widget\" data-e-type=\"widget\" data-widget_type=\"iheading.default\">\n\t\t\t\t<div class=\"elementor-widget-container\">\n\t\t\t\t\t\t\t<div class=\"ot-heading is-dots\">\r\n\t        <span>[ Premios ]<\/span>\t        <h2 class=\"main-heading\">APY15 Royal Museums Greenwich<\/h2>\t    <\/div>\r\n\t    \t\t\t\t<\/div>\n\t\t\t\t<\/div>\n\t\t\t\t<div class=\"elementor-element elementor-element-ae17813 elementor-widget elementor-widget-text-editor\" data-id=\"ae17813\" data-element_type=\"widget\" data-e-type=\"widget\" data-widget_type=\"text-editor.default\">\n\t\t\t\t<div class=\"elementor-widget-container\">\n\t\t\t\t\t\t\t\t\t<p>Ganador en la categor\u00eda \u201cNuestro Sol\u201d del concurso \u201cFot\u00f3grafo Astron\u00f3mico del A\u00f1o 2023\u201d, organizado por el Museo de Greenwich de Reino Unido.<\/p>\t\t\t\t\t\t\t\t<\/div>\n\t\t\t\t<\/div>\n\t\t\t\t<div class=\"elementor-element elementor-element-63a1a71 elementor-widget elementor-widget-ibutton\" data-id=\"63a1a71\" data-element_type=\"widget\" data-e-type=\"widget\" data-widget_type=\"ibutton.default\">\n\t\t\t\t<div class=\"elementor-widget-container\">\n\t\t\t\t\t\t\t<div class=\"ot-button\">\r\n\t\t\t<a href=\"https:\/\/www.rmg.co.uk\/whats-on\/astronomy-photographer-year\/galleries\/our-sun-2023\" target=\"_blank\" class=\"octf-btn octf-btn-dark\">Ver premio<\/a>\r\n\t    <\/div>\r\n\t    \t\t\t\t<\/div>\n\t\t\t\t<\/div>\n\t\t\t\t\t<\/div>\n\t\t<\/div>\n\t\t\t\t\t<\/div>\n\t\t<\/section>\n\t\t\t\t<section data-particle_enable=\"false\" data-particle-mobile-disabled=\"false\" class=\"elementor-section elementor-top-section elementor-element elementor-element-f7f4f86 elementor-section-content-middle elementor-section-boxed elementor-section-height-default elementor-section-height-default\" data-id=\"f7f4f86\" data-element_type=\"section\" data-e-type=\"section\" id=\"apodnasa\">\n\t\t\t\t\t\t<div class=\"elementor-container elementor-column-gap-extended\">\n\t\t\t\t\t<div class=\"elementor-column elementor-col-50 elementor-top-column elementor-element elementor-element-cf94f13 ot-flex-column-vertical\" data-id=\"cf94f13\" data-element_type=\"column\" data-e-type=\"column\">\n\t\t\t<div class=\"elementor-widget-wrap elementor-element-populated\">\n\t\t\t\t\t\t<div class=\"elementor-element elementor-element-3665e26 elementor-widget elementor-widget-iheading\" data-id=\"3665e26\" data-element_type=\"widget\" data-e-type=\"widget\" data-widget_type=\"iheading.default\">\n\t\t\t\t<div class=\"elementor-widget-container\">\n\t\t\t\t\t\t\t<div class=\"ot-heading is-dots\">\r\n\t        <span>[ Premios ]<\/span>\t        <h2 class=\"main-heading\">Reconocimientos de la NASA<\/h2>\t    <\/div>\r\n\t    \t\t\t\t<\/div>\n\t\t\t\t<\/div>\n\t\t\t\t<div class=\"elementor-element elementor-element-b22ff29 elementor-widget__width-initial elementor-widget elementor-widget-text-editor\" data-id=\"b22ff29\" data-element_type=\"widget\" data-e-type=\"widget\" data-widget_type=\"text-editor.default\">\n\t\t\t\t<div class=\"elementor-widget-container\">\n\t\t\t\t\t\t\t\t\t<p>Entre el a\u00f1o 2019 y el 2022, cuatro de mis fotos fueron reconocidas por la NASA y publicadas como Foto Astron\u00f3mica del d\u00eda (APOD: Astronomy Picture of the Day)<\/p><p>La NASA tiene desde el a\u00f1o 1995, un portal web que se llama Astronomy Picture of the Day (APOD), o en espa\u00f1ol \u201cFotograf\u00eda Astron\u00f3mica del D\u00eda\u201d. All\u00ed se publica s\u00f3lo una foto por d\u00eda, durante todos los d\u00edas del a\u00f1o, referidas al tema astron\u00f3mico.<\/p><p><span style=\"color: var( --e-global-color-text ); font-weight: var( --e-global-typography-text-font-weight );\">El archivo APOD contiene una de las mayores colecciones de im\u00e1genes astron\u00f3micas en Internet.<\/span><\/p><p>Las im\u00e1genes que se publican son de muy buen nivel, participan no solo fotos de aficionados, si no tambi\u00e9n fotos propias de la NASA y de grandes observatorios.<\/p>\t\t\t\t\t\t\t\t<\/div>\n\t\t\t\t<\/div>\n\t\t\t\t\t<\/div>\n\t\t<\/div>\n\t\t\t\t<div class=\"elementor-column elementor-col-50 elementor-top-column elementor-element elementor-element-991c02a ot-column-items-top ot-flex-column-vertical\" data-id=\"991c02a\" data-element_type=\"column\" data-e-type=\"column\">\n\t\t\t<div class=\"elementor-widget-wrap elementor-element-populated\">\n\t\t\t\t\t\t<div class=\"elementor-element elementor-element-cf79554 elementor-widget elementor-widget-image\" data-id=\"cf79554\" data-element_type=\"widget\" data-e-type=\"widget\" data-widget_type=\"image.default\">\n\t\t\t\t<div class=\"elementor-widget-container\">\n\t\t\t\t\t\t\t\t\t\t\t\t\t\t\t<img decoding=\"async\" width=\"623\" height=\"308\" src=\"https:\/\/eduardoschaberger.ar\/wp-content\/uploads\/2023\/12\/nasa_apod_logos.png\" class=\"attachment-full size-full wp-image-4831\" alt=\"\" srcset=\"https:\/\/eduardoschaberger.ar\/wp-content\/uploads\/2023\/12\/nasa_apod_logos.png 623w, https:\/\/eduardoschaberger.ar\/wp-content\/uploads\/2023\/12\/nasa_apod_logos-300x148.png 300w, https:\/\/eduardoschaberger.ar\/wp-content\/uploads\/2023\/12\/nasa_apod_logos-600x297.png 600w\" sizes=\"(max-width: 623px) 100vw, 623px\" \/>\t\t\t\t\t\t\t\t\t\t\t\t\t\t\t<\/div>\n\t\t\t\t<\/div>\n\t\t\t\t<div class=\"elementor-element elementor-element-a96e511 elementor-widget elementor-widget-text-editor\" data-id=\"a96e511\" data-element_type=\"widget\" data-e-type=\"widget\" data-widget_type=\"text-editor.default\">\n\t\t\t\t<div class=\"elementor-widget-container\">\n\t\t\t\t\t\t\t\t\t<p><span style=\"color: var( --e-global-color-text ); font-weight: var( --e-global-typography-text-font-weight );\">Dos astrof\u00edsicos de la NASA son los que reciben y luego eligen qu\u00e9 foto va a ser publicada como foto del d\u00eda. Luego, un astr\u00f3nomo profesional es el que explica qu\u00e9 es lo que se ve en la foto. Se eligen no solo con el criterio est\u00e9tico si no tambi\u00e9n con el valor educativo que tenga la imagen.<\/span><\/p><p>Es uno de los reconocimientos m\u00e1s importantes que se pueden obtener dentro de la astrofotograf\u00eda, por el prestigio que da que la NASA publique uno de tus trabajos, elegido entre miles de im\u00e1genes de gran calidad.<\/p><p>Adem\u00e1s, esta publicaci\u00f3n de la NASA es republicada por cientos de sitios de ciencia en todo el mundo.<\/p>\t\t\t\t\t\t\t\t<\/div>\n\t\t\t\t<\/div>\n\t\t\t\t\t<\/div>\n\t\t<\/div>\n\t\t\t\t\t<\/div>\n\t\t<\/section>\n\t\t<div data-particle_enable=\"false\" data-particle-mobile-disabled=\"false\" class=\"elementor-element elementor-element-d2e5569 e-flex e-con-boxed e-con e-parent\" data-id=\"d2e5569\" data-element_type=\"container\" data-e-type=\"container\">\n\t\t\t\t\t<div class=\"e-con-inner\">\n\t\t<div data-particle_enable=\"false\" data-particle-mobile-disabled=\"false\" class=\"elementor-element elementor-element-e0a3517 e-con-full e-flex e-con e-child\" data-id=\"e0a3517\" data-element_type=\"container\" data-e-type=\"container\">\n\t\t\t\t<div class=\"elementor-element elementor-element-b758a75 elementor-widget elementor-widget-image\" data-id=\"b758a75\" data-element_type=\"widget\" data-e-type=\"widget\" data-widget_type=\"image.default\">\n\t\t\t\t<div class=\"elementor-widget-container\">\n\t\t\t\t\t\t\t\t\t\t\t\t\t\t\t\t<a href=\"https:\/\/apod.nasa.gov\/apod\/ap220716.html\" target=\"_blank\">\n\t\t\t\t\t\t\t<img decoding=\"async\" width=\"1024\" height=\"806\" src=\"https:\/\/eduardoschaberger.ar\/wp-content\/uploads\/2023\/12\/Dawn-in-Clavius-Tycho-07-07-22-1024x806.jpg\" class=\"attachment-large size-large wp-image-4832\" alt=\"\" srcset=\"https:\/\/eduardoschaberger.ar\/wp-content\/uploads\/2023\/12\/Dawn-in-Clavius-Tycho-07-07-22-1024x806.jpg 1024w, https:\/\/eduardoschaberger.ar\/wp-content\/uploads\/2023\/12\/Dawn-in-Clavius-Tycho-07-07-22-300x236.jpg 300w, https:\/\/eduardoschaberger.ar\/wp-content\/uploads\/2023\/12\/Dawn-in-Clavius-Tycho-07-07-22-768x604.jpg 768w, https:\/\/eduardoschaberger.ar\/wp-content\/uploads\/2023\/12\/Dawn-in-Clavius-Tycho-07-07-22-1536x1209.jpg 1536w, https:\/\/eduardoschaberger.ar\/wp-content\/uploads\/2023\/12\/Dawn-in-Clavius-Tycho-07-07-22-2048x1612.jpg 2048w, https:\/\/eduardoschaberger.ar\/wp-content\/uploads\/2023\/12\/Dawn-in-Clavius-Tycho-07-07-22-600x472.jpg 600w\" sizes=\"(max-width: 1024px) 100vw, 1024px\" \/>\t\t\t\t\t\t\t\t<\/a>\n\t\t\t\t\t\t\t\t\t\t\t\t\t\t\t<\/div>\n\t\t\t\t<\/div>\n\t\t\t\t<\/div>\n\t\t<div data-particle_enable=\"false\" data-particle-mobile-disabled=\"false\" class=\"elementor-element elementor-element-80ac844 e-con-full e-flex e-con e-child\" data-id=\"80ac844\" data-element_type=\"container\" data-e-type=\"container\">\n\t\t\t\t<div class=\"elementor-element elementor-element-14b41f5 elementor-widget elementor-widget-image\" data-id=\"14b41f5\" data-element_type=\"widget\" data-e-type=\"widget\" data-widget_type=\"image.default\">\n\t\t\t\t<div class=\"elementor-widget-container\">\n\t\t\t\t\t\t\t\t\t\t\t\t\t\t\t\t<a href=\"https:\/\/apod.nasa.gov\/apod\/ap210805.html\" target=\"_blank\">\n\t\t\t\t\t\t\t<img loading=\"lazy\" decoding=\"async\" width=\"1024\" height=\"1024\" src=\"https:\/\/eduardoschaberger.ar\/wp-content\/uploads\/2023\/12\/Luna-Tycho-Clavius-high-1024x1024.jpg\" class=\"attachment-large size-large wp-image-4833\" alt=\"\" srcset=\"https:\/\/eduardoschaberger.ar\/wp-content\/uploads\/2023\/12\/Luna-Tycho-Clavius-high-1024x1024.jpg 1024w, https:\/\/eduardoschaberger.ar\/wp-content\/uploads\/2023\/12\/Luna-Tycho-Clavius-high-300x300.jpg 300w, https:\/\/eduardoschaberger.ar\/wp-content\/uploads\/2023\/12\/Luna-Tycho-Clavius-high-150x150.jpg 150w, https:\/\/eduardoschaberger.ar\/wp-content\/uploads\/2023\/12\/Luna-Tycho-Clavius-high-768x768.jpg 768w, https:\/\/eduardoschaberger.ar\/wp-content\/uploads\/2023\/12\/Luna-Tycho-Clavius-high-1536x1536.jpg 1536w, https:\/\/eduardoschaberger.ar\/wp-content\/uploads\/2023\/12\/Luna-Tycho-Clavius-high-2048x2048.jpg 2048w, https:\/\/eduardoschaberger.ar\/wp-content\/uploads\/2023\/12\/Luna-Tycho-Clavius-high-720x720.jpg 720w, https:\/\/eduardoschaberger.ar\/wp-content\/uploads\/2023\/12\/Luna-Tycho-Clavius-high-600x600.jpg 600w, https:\/\/eduardoschaberger.ar\/wp-content\/uploads\/2023\/12\/Luna-Tycho-Clavius-high-100x100.jpg 100w\" sizes=\"(max-width: 1024px) 100vw, 1024px\" \/>\t\t\t\t\t\t\t\t<\/a>\n\t\t\t\t\t\t\t\t\t\t\t\t\t\t\t<\/div>\n\t\t\t\t<\/div>\n\t\t\t\t<\/div>\n\t\t<div data-particle_enable=\"false\" data-particle-mobile-disabled=\"false\" class=\"elementor-element elementor-element-444dfae e-con-full e-flex e-con e-child\" data-id=\"444dfae\" data-element_type=\"container\" data-e-type=\"container\">\n\t\t\t\t<div class=\"elementor-element elementor-element-b9616b7 elementor-widget elementor-widget-image\" data-id=\"b9616b7\" data-element_type=\"widget\" data-e-type=\"widget\" data-widget_type=\"image.default\">\n\t\t\t\t<div class=\"elementor-widget-container\">\n\t\t\t\t\t\t\t\t\t\t\t\t\t\t\t\t<a href=\"https:\/\/apod.nasa.gov\/apod\/ap191111.html\" target=\"_blank\">\n\t\t\t\t\t\t\t<img loading=\"lazy\" decoding=\"async\" width=\"1024\" height=\"738\" src=\"https:\/\/eduardoschaberger.ar\/wp-content\/uploads\/2023\/12\/PetaviusLangrenus_Poupeau_3000-1024x738.jpg\" class=\"attachment-large size-large wp-image-4834\" alt=\"\" srcset=\"https:\/\/eduardoschaberger.ar\/wp-content\/uploads\/2023\/12\/PetaviusLangrenus_Poupeau_3000-1024x738.jpg 1024w, https:\/\/eduardoschaberger.ar\/wp-content\/uploads\/2023\/12\/PetaviusLangrenus_Poupeau_3000-300x216.jpg 300w, https:\/\/eduardoschaberger.ar\/wp-content\/uploads\/2023\/12\/PetaviusLangrenus_Poupeau_3000-768x553.jpg 768w, https:\/\/eduardoschaberger.ar\/wp-content\/uploads\/2023\/12\/PetaviusLangrenus_Poupeau_3000-1536x1106.jpg 1536w, https:\/\/eduardoschaberger.ar\/wp-content\/uploads\/2023\/12\/PetaviusLangrenus_Poupeau_3000-2048x1475.jpg 2048w, https:\/\/eduardoschaberger.ar\/wp-content\/uploads\/2023\/12\/PetaviusLangrenus_Poupeau_3000-600x432.jpg 600w\" sizes=\"(max-width: 1024px) 100vw, 1024px\" \/>\t\t\t\t\t\t\t\t<\/a>\n\t\t\t\t\t\t\t\t\t\t\t\t\t\t\t<\/div>\n\t\t\t\t<\/div>\n\t\t\t\t<\/div>\n\t\t<div data-particle_enable=\"false\" data-particle-mobile-disabled=\"false\" class=\"elementor-element elementor-element-dc6da1f e-con-full e-flex e-con e-child\" data-id=\"dc6da1f\" data-element_type=\"container\" data-e-type=\"container\">\n\t\t\t\t<div class=\"elementor-element elementor-element-570ae04 elementor-widget elementor-widget-image\" data-id=\"570ae04\" data-element_type=\"widget\" data-e-type=\"widget\" data-widget_type=\"image.default\">\n\t\t\t\t<div class=\"elementor-widget-container\">\n\t\t\t\t\t\t\t\t\t\t\t\t\t\t\t\t<a href=\"https:\/\/apod.nasa.gov\/apod\/ap191028.html\" target=\"_blank\">\n\t\t\t\t\t\t\t<img loading=\"lazy\" decoding=\"async\" width=\"1024\" height=\"1024\" src=\"https:\/\/eduardoschaberger.ar\/wp-content\/uploads\/2023\/12\/IssTransit_Poupeau_2406-1024x1024.jpg\" class=\"attachment-large size-large wp-image-4838\" alt=\"\" srcset=\"https:\/\/eduardoschaberger.ar\/wp-content\/uploads\/2023\/12\/IssTransit_Poupeau_2406-1024x1024.jpg 1024w, https:\/\/eduardoschaberger.ar\/wp-content\/uploads\/2023\/12\/IssTransit_Poupeau_2406-300x300.jpg 300w, https:\/\/eduardoschaberger.ar\/wp-content\/uploads\/2023\/12\/IssTransit_Poupeau_2406-150x150.jpg 150w, https:\/\/eduardoschaberger.ar\/wp-content\/uploads\/2023\/12\/IssTransit_Poupeau_2406-768x768.jpg 768w, https:\/\/eduardoschaberger.ar\/wp-content\/uploads\/2023\/12\/IssTransit_Poupeau_2406-1536x1536.jpg 1536w, https:\/\/eduardoschaberger.ar\/wp-content\/uploads\/2023\/12\/IssTransit_Poupeau_2406-2048x2048.jpg 2048w, https:\/\/eduardoschaberger.ar\/wp-content\/uploads\/2023\/12\/IssTransit_Poupeau_2406-720x720.jpg 720w, https:\/\/eduardoschaberger.ar\/wp-content\/uploads\/2023\/12\/IssTransit_Poupeau_2406-600x600.jpg 600w, https:\/\/eduardoschaberger.ar\/wp-content\/uploads\/2023\/12\/IssTransit_Poupeau_2406-100x100.jpg 100w\" sizes=\"(max-width: 1024px) 100vw, 1024px\" \/>\t\t\t\t\t\t\t\t<\/a>\n\t\t\t\t\t\t\t\t\t\t\t\t\t\t\t<\/div>\n\t\t\t\t<\/div>\n\t\t\t\t<\/div>\n\t\t\t\t\t<\/div>\n\t\t\t\t<\/div>\n\t\t\t\t<section data-particle_enable=\"false\" data-particle-mobile-disabled=\"false\" class=\"elementor-section elementor-top-section elementor-element elementor-element-f52aa1f elementor-section-content-middle elementor-section-boxed elementor-section-height-default elementor-section-height-default\" data-id=\"f52aa1f\" data-element_type=\"section\" data-e-type=\"section\">\n\t\t\t\t\t\t<div class=\"elementor-container elementor-column-gap-extended\">\n\t\t\t\t\t<div class=\"elementor-column elementor-col-100 elementor-top-column elementor-element elementor-element-780222c ot-flex-column-vertical\" data-id=\"780222c\" data-element_type=\"column\" data-e-type=\"column\">\n\t\t\t<div class=\"elementor-widget-wrap elementor-element-populated\">\n\t\t\t\t\t\t<div class=\"elementor-element elementor-element-2bf63d4 elementor-widget elementor-widget-iheading\" data-id=\"2bf63d4\" data-element_type=\"widget\" data-e-type=\"widget\" data-widget_type=\"iheading.default\">\n\t\t\t\t<div class=\"elementor-widget-container\">\n\t\t\t\t\t\t\t<div class=\"ot-heading is-dots\">\r\n\t        <span>[ Premios ]<\/span>\t        <h2 class=\"main-heading\">La historia detr\u00e1s de mi primer APOD<\/h2>\t    <\/div>\r\n\t    \t\t\t\t<\/div>\n\t\t\t\t<\/div>\n\t\t\t\t<div class=\"elementor-element elementor-element-c865893 elementor-widget__width-initial elementor-widget elementor-widget-text-editor\" data-id=\"c865893\" data-element_type=\"widget\" data-e-type=\"widget\" data-widget_type=\"text-editor.default\">\n\t\t\t\t<div class=\"elementor-widget-container\">\n\t\t\t\t\t\t\t\t\t<p>Dentro de la astrofotograf\u00eda, una de las cosas que m\u00e1s disfruto hacer es capturar los tr\u00e1nsitos de la ISS frente al sol o la luna, porque siempre es un desaf\u00edo ya que son muchos los factores que deben combinarse para obtener un resultado exitoso.<\/p><p>Lograr una buena foto de un tr\u00e1nsito nunca es casualidad, ya que requiere una gran planificaci\u00f3n. Primero se debe tener la informaci\u00f3n de cu\u00e1ndo y d\u00f3nde se produce el tr\u00e1nsito y si \u00e9ste va a ser favorable. Segundo, como la franja de visibilidad es de solo unos pocos kil\u00f3metros, hay que encontrar un lugar donde poder armar los equipos, cuanto m\u00e1s cerca del medio de esa franja nos situemos, m\u00e1s seguro es que la trayectoria de la ISS pase por el centro del sol o la luna. Para encontrar este lugar, la vista satelital de Google Maps es de gran ayuda.<\/p><p>El s\u00e1bado 28 de septiembre del 2019, como la luna estaba a pocas horas de convertirse en luna nueva, se encontraba muy cerca del sol, por lo que la ISS iba a cruzar los dos astros con pocos segundos de diferencia, pero por una cuesti\u00f3n de perspectiva, se iban a ver desde lugares diferentes, separados por 40 km. En principio ten\u00eda planificado fotografiarla frente a la luna, pero un par de horas antes, decid\u00ed viajar para capturarla frente al sol. Cargu\u00e9 todo el equipo y me dirig\u00ed hacia el lugar elegido, acompa\u00f1ado por mi hijo. Despu\u00e9s de armar todo el equipo, solo faltaba esperar el momento exacto. A las 12:46:19 hs, la ISS cruz\u00f3 el disco del sol en solo 6 d\u00e9cimas de segundo, pudi\u00e9ndola fotografiar 19 veces. Toda esta planificaci\u00f3n dio sus frutos, ya que un mes despu\u00e9s, la NASA eligi\u00f3 esta imagen como Foto Astron\u00f3mica del D\u00eda (APOD).<\/p>\t\t\t\t\t\t\t\t<\/div>\n\t\t\t\t<\/div>\n\t\t\t\t<div class=\"elementor-element elementor-element-11cf41f elementor-widget elementor-widget-image\" data-id=\"11cf41f\" data-element_type=\"widget\" data-e-type=\"widget\" data-widget_type=\"image.default\">\n\t\t\t\t<div class=\"elementor-widget-container\">\n\t\t\t\t\t\t\t\t\t\t\t\t<figure class=\"wp-caption\">\n\t\t\t\t\t\t\t\t\t\t<img loading=\"lazy\" decoding=\"async\" width=\"823\" height=\"444\" src=\"https:\/\/eduardoschaberger.ar\/wp-content\/uploads\/2024\/01\/image002.png\" class=\"attachment-large size-large wp-image-4880\" alt=\"\" srcset=\"https:\/\/eduardoschaberger.ar\/wp-content\/uploads\/2024\/01\/image002.png 823w, https:\/\/eduardoschaberger.ar\/wp-content\/uploads\/2024\/01\/image002-300x162.png 300w, https:\/\/eduardoschaberger.ar\/wp-content\/uploads\/2024\/01\/image002-768x414.png 768w, https:\/\/eduardoschaberger.ar\/wp-content\/uploads\/2024\/01\/image002-18x10.png 18w, https:\/\/eduardoschaberger.ar\/wp-content\/uploads\/2024\/01\/image002-600x324.png 600w\" sizes=\"(max-width: 823px) 100vw, 823px\" \/>\t\t\t\t\t\t\t\t\t\t\t<figcaption class=\"widget-image-caption wp-caption-text\">Mapa que muestra el lugar desde donde se realiz\u00f3 la fotograf\u00eda.<\/figcaption>\n\t\t\t\t\t\t\t\t\t\t<\/figure>\n\t\t\t\t\t\t\t\t\t<\/div>\n\t\t\t\t<\/div>\n\t\t\t\t\t<\/div>\n\t\t<\/div>\n\t\t\t\t\t<\/div>\n\t\t<\/section>\n\t\t<div data-particle_enable=\"false\" data-particle-mobile-disabled=\"false\" class=\"elementor-element elementor-element-97a0a92 e-flex e-con-boxed e-con e-parent\" data-id=\"97a0a92\" data-element_type=\"container\" data-e-type=\"container\">\n\t\t\t\t\t<div class=\"e-con-inner\">\n\t\t\t\t\t<\/div>\n\t\t\t\t<\/div>\n\t\t\t\t<\/div>\n\t\t","protected":false},"excerpt":{"rendered":"<p>[ Premios ] APY15 Royal Museums Greenwich Ganador en la categor\u00eda \u201cNuestro Sol\u201d del concurso \u201cFot\u00f3grafo Astron\u00f3mico del A\u00f1o 2023\u201d, organizado por el Museo de Greenwich de Reino Unido. Ver premio [ Premios ] Reconocimientos de la NASA Entre el a\u00f1o 2019 y el 2022, cuatro de mis fotos fueron reconocidas por la NASA y [&hellip;]<\/p>\n","protected":false},"author":1,"featured_media":0,"parent":0,"menu_order":0,"comment_status":"closed","ping_status":"closed","template":"","meta":{"footnotes":""},"class_list":["post-4813","page","type-page","status-publish","hentry"],"_links":{"self":[{"href":"https:\/\/eduardoschaberger.ar\/en\/wp-json\/wp\/v2\/pages\/4813","targetHints":{"allow":["GET"]}}],"collection":[{"href":"https:\/\/eduardoschaberger.ar\/en\/wp-json\/wp\/v2\/pages"}],"about":[{"href":"https:\/\/eduardoschaberger.ar\/en\/wp-json\/wp\/v2\/types\/page"}],"author":[{"embeddable":true,"href":"https:\/\/eduardoschaberger.ar\/en\/wp-json\/wp\/v2\/users\/1"}],"replies":[{"embeddable":true,"href":"https:\/\/eduardoschaberger.ar\/en\/wp-json\/wp\/v2\/comments?post=4813"}],"version-history":[{"count":46,"href":"https:\/\/eduardoschaberger.ar\/en\/wp-json\/wp\/v2\/pages\/4813\/revisions"}],"predecessor-version":[{"id":5412,"href":"https:\/\/eduardoschaberger.ar\/en\/wp-json\/wp\/v2\/pages\/4813\/revisions\/5412"}],"wp:attachment":[{"href":"https:\/\/eduardoschaberger.ar\/en\/wp-json\/wp\/v2\/media?parent=4813"}],"curies":[{"name":"wp","href":"https:\/\/api.w.org\/{rel}","templated":true}]}}