{"id":5441,"date":"2024-02-18T12:15:30","date_gmt":"2024-02-18T15:15:30","guid":{"rendered":"https:\/\/eduardoschaberger.ar\/?post_type=product&#038;p=5441"},"modified":"2026-03-12T17:38:07","modified_gmt":"2026-03-12T20:38:07","slug":"crescent-moon-magical-sunset","status":"publish","type":"product","link":"https:\/\/eduardoschaberger.ar\/en\/tienda\/crescent-moon-magical-sunset\/","title":{"rendered":"Luna creciente en un m\u00e1gico atardecer"},"content":{"rendered":"<p>Cuadro de 40&#215;60 cm. con marco de madera de 4,5 cm. de ancho, en color negro.<\/p>\n<p>Durante el atardecer del lunes 1 de agosto de 2022, el cielo nos ofreci\u00f3 un espect\u00e1culo impresionante, las nubes, iluminadas por los \u00faltimos rayos del sol, parec\u00edan transformarse en llamas de un rojo intenso. Este momento m\u00e1gico se vio realzado por la presencia de una delicada luna creciente, con el 16% de su superficie iluminada.<\/p>","protected":false},"excerpt":{"rendered":"<p>Cuadro de 40&#215;60 cm. con marco de madera de 4,5 cm. de ancho, en color negro.<\/p>","protected":false},"featured_media":5467,"comment_status":"open","ping_status":"closed","template":"","meta":[],"product_brand":[],"product_cat":[55,56],"product_tag":[],"class_list":{"0":"post-5441","1":"product","2":"type-product","3":"status-publish","4":"has-post-thumbnail","6":"product_cat-lunar","7":"product_cat-paisaje-astronomico","9":"first","10":"instock","11":"shipping-taxable","12":"purchasable","13":"product-type-simple"},"_links":{"self":[{"href":"https:\/\/eduardoschaberger.ar\/en\/wp-json\/wp\/v2\/product\/5441","targetHints":{"allow":["GET"]}}],"collection":[{"href":"https:\/\/eduardoschaberger.ar\/en\/wp-json\/wp\/v2\/product"}],"about":[{"href":"https:\/\/eduardoschaberger.ar\/en\/wp-json\/wp\/v2\/types\/product"}],"replies":[{"embeddable":true,"href":"https:\/\/eduardoschaberger.ar\/en\/wp-json\/wp\/v2\/comments?post=5441"}],"wp:featuredmedia":[{"embeddable":true,"href":"https:\/\/eduardoschaberger.ar\/en\/wp-json\/wp\/v2\/media\/5467"}],"wp:attachment":[{"href":"https:\/\/eduardoschaberger.ar\/en\/wp-json\/wp\/v2\/media?parent=5441"}],"wp:term":[{"taxonomy":"product_brand","embeddable":true,"href":"https:\/\/eduardoschaberger.ar\/en\/wp-json\/wp\/v2\/product_brand?post=5441"},{"taxonomy":"product_cat","embeddable":true,"href":"https:\/\/eduardoschaberger.ar\/en\/wp-json\/wp\/v2\/product_cat?post=5441"},{"taxonomy":"product_tag","embeddable":true,"href":"https:\/\/eduardoschaberger.ar\/en\/wp-json\/wp\/v2\/product_tag?post=5441"}],"curies":[{"name":"wp","href":"https:\/\/api.w.org\/{rel}","templated":true}]}}