{"id":5471,"date":"2024-02-18T17:47:38","date_gmt":"2024-02-18T20:47:38","guid":{"rendered":"https:\/\/eduardoschaberger.ar\/?post_type=product&#038;p=5471"},"modified":"2026-03-12T17:38:07","modified_gmt":"2026-03-12T20:38:07","slug":"ballena-navegando-el-sol","status":"publish","type":"product","link":"https:\/\/eduardoschaberger.ar\/en\/tienda\/ballena-navegando-el-sol\/","title":{"rendered":"Ballena navegando el sol"},"content":{"rendered":"<p>Cuadro 40&#215;40 cm. con marco de 3 cm. de madera, color negro.<\/p>\n<p>La ma\u00f1ana del s\u00e1bado 23 de diciembre del 2023, aprovech\u00e9 la oportunidad para apuntar mi telescopio hacia el sol. La sorpresa y el asombro se apoderaron de m\u00ed al contemplar un filamento extraordinario, cuya forma recordaba a una inmensa ballena de plasma que atravesaba la superficie solar, ubicada elegantemente arriba a la izquierda del disco solar. Fue realmente asombroso presenciar la singularidad de esta imponente figura.<\/p>\n<p>Esta estructura de plasma no solo revela las din\u00e1micas solares, sino que tambi\u00e9n resalta la fascinante capacidad de nuestras mentes para percibir formas reconocibles en patrones abstractos, un fen\u00f3meno conocido como pareidolia. Esta interpretaci\u00f3n \u00fanica nos permite apreciar la imponente figura de una ballena navegando en la superficie del sol.<\/p>","protected":false},"excerpt":{"rendered":"<p>Cuadro 40&#215;40 cm. con marco de 3 cm. de madera, color negro.<\/p>","protected":false},"featured_media":5466,"comment_status":"open","ping_status":"closed","template":"","meta":[],"product_brand":[],"product_cat":[54],"product_tag":[],"class_list":{"0":"post-5471","1":"product","2":"type-product","3":"status-publish","4":"has-post-thumbnail","6":"product_cat-solar","8":"first","9":"instock","10":"shipping-taxable","11":"purchasable","12":"product-type-simple"},"_links":{"self":[{"href":"https:\/\/eduardoschaberger.ar\/en\/wp-json\/wp\/v2\/product\/5471","targetHints":{"allow":["GET"]}}],"collection":[{"href":"https:\/\/eduardoschaberger.ar\/en\/wp-json\/wp\/v2\/product"}],"about":[{"href":"https:\/\/eduardoschaberger.ar\/en\/wp-json\/wp\/v2\/types\/product"}],"replies":[{"embeddable":true,"href":"https:\/\/eduardoschaberger.ar\/en\/wp-json\/wp\/v2\/comments?post=5471"}],"wp:featuredmedia":[{"embeddable":true,"href":"https:\/\/eduardoschaberger.ar\/en\/wp-json\/wp\/v2\/media\/5466"}],"wp:attachment":[{"href":"https:\/\/eduardoschaberger.ar\/en\/wp-json\/wp\/v2\/media?parent=5471"}],"wp:term":[{"taxonomy":"product_brand","embeddable":true,"href":"https:\/\/eduardoschaberger.ar\/en\/wp-json\/wp\/v2\/product_brand?post=5471"},{"taxonomy":"product_cat","embeddable":true,"href":"https:\/\/eduardoschaberger.ar\/en\/wp-json\/wp\/v2\/product_cat?post=5471"},{"taxonomy":"product_tag","embeddable":true,"href":"https:\/\/eduardoschaberger.ar\/en\/wp-json\/wp\/v2\/product_tag?post=5471"}],"curies":[{"name":"wp","href":"https:\/\/api.w.org\/{rel}","templated":true}]}}