{"id":5479,"date":"2024-02-18T18:29:51","date_gmt":"2024-02-18T21:29:51","guid":{"rendered":"https:\/\/eduardoschaberger.ar\/?post_type=product&#038;p=5479"},"modified":"2025-12-08T16:03:22","modified_gmt":"2025-12-08T19:03:22","slug":"filaments-and-prominences","status":"publish","type":"product","link":"https:\/\/eduardoschaberger.ar\/en\/tienda\/filaments-and-prominences\/","title":{"rendered":"Wow, est\u00e1 repleto de filamentos!"},"content":{"rendered":"<p>Cuadro 40&#215;40 cm. con marco de 3 cm. de madera, color negro.<\/p>\n<p>El 4 de octubre de 2023, tuve la oportunidad de probar por primera vez mi telescopio H-alpha m\u00e1s peque\u00f1o, con una apertura de tan solo 60 mm. Lo que distingue a este telescopio es su filtro de alta tecnolog\u00eda, que permite una vista incre\u00edblemente n\u00edtida de la cromosfera solar.<\/p>\n<p>Cuando vi la imagen en la pantalla de mi computadora, exclam\u00e9: &#8220;\u00a1Wow, est\u00e1 repleto de filamentos!&#8221; Nunca hab\u00eda visto tantos filamentos cruzando la superficie del sol con tanta claridad. La imagen me pareci\u00f3 maravillosa. Adem\u00e1s, en el borde noreste, se pod\u00eda observar una prominencia muy interesante, completamente separada de la superficie solar, formando una inmensa nube de plasma suspendida en el espacio.<\/p>","protected":false},"excerpt":{"rendered":"<p>Cuadro 40&#215;40 cm. con marco de 3 cm. de madera, color negro.<\/p>","protected":false},"featured_media":5464,"comment_status":"open","ping_status":"closed","template":"","meta":[],"product_brand":[],"product_cat":[54],"product_tag":[],"class_list":{"0":"post-5479","1":"product","2":"type-product","3":"status-publish","4":"has-post-thumbnail","6":"product_cat-solar","8":"first","9":"instock","10":"shipping-taxable","11":"purchasable","12":"product-type-simple"},"_links":{"self":[{"href":"https:\/\/eduardoschaberger.ar\/en\/wp-json\/wp\/v2\/product\/5479","targetHints":{"allow":["GET"]}}],"collection":[{"href":"https:\/\/eduardoschaberger.ar\/en\/wp-json\/wp\/v2\/product"}],"about":[{"href":"https:\/\/eduardoschaberger.ar\/en\/wp-json\/wp\/v2\/types\/product"}],"replies":[{"embeddable":true,"href":"https:\/\/eduardoschaberger.ar\/en\/wp-json\/wp\/v2\/comments?post=5479"}],"wp:featuredmedia":[{"embeddable":true,"href":"https:\/\/eduardoschaberger.ar\/en\/wp-json\/wp\/v2\/media\/5464"}],"wp:attachment":[{"href":"https:\/\/eduardoschaberger.ar\/en\/wp-json\/wp\/v2\/media?parent=5479"}],"wp:term":[{"taxonomy":"product_brand","embeddable":true,"href":"https:\/\/eduardoschaberger.ar\/en\/wp-json\/wp\/v2\/product_brand?post=5479"},{"taxonomy":"product_cat","embeddable":true,"href":"https:\/\/eduardoschaberger.ar\/en\/wp-json\/wp\/v2\/product_cat?post=5479"},{"taxonomy":"product_tag","embeddable":true,"href":"https:\/\/eduardoschaberger.ar\/en\/wp-json\/wp\/v2\/product_tag?post=5479"}],"curies":[{"name":"wp","href":"https:\/\/api.w.org\/{rel}","templated":true}]}}