{"id":5480,"date":"2024-02-18T18:30:29","date_gmt":"2024-02-18T21:30:29","guid":{"rendered":"https:\/\/eduardoschaberger.ar\/?post_type=product&#038;p=5480"},"modified":"2025-12-08T16:03:13","modified_gmt":"2025-12-08T19:03:13","slug":"loop-prominences","status":"publish","type":"product","link":"https:\/\/eduardoschaberger.ar\/en\/tienda\/loop-prominences\/","title":{"rendered":"Bucles de plasma"},"content":{"rendered":"<p>Cuadro 40&#215;40 cm. con marco de 3 cm. de madera, color negro.<\/p>\n<p>En las primeras horas del 29 de enero del 2024, la mancha solar AR3959 desat\u00f3 una poderosa explosi\u00f3n, clasificada como M6.8. A pesar de que esta mancha ya se estaba alejando del disco solar, decidi\u00f3 despedirse a lo grande, brind\u00e1ndonos unos espectaculares bucles de plasma que permanecieron visibles durante varias horas despu\u00e9s de la erupci\u00f3n. Estos magn\u00edficos hilos resplandecientes se elevaron a una altura de m\u00e1s de 100,000 km.<\/p>\n<p>A pesar de la significativa turbulencia atmosf\u00e9rica, que dificult\u00f3 enormemente la adquisici\u00f3n de im\u00e1genes, logr\u00e9 capturar este espectacular evento combinando dos telescopios solares diferentes.<\/p>","protected":false},"excerpt":{"rendered":"<p>Cuadro 40&#215;40 cm. con marco de 3 cm. de madera, color negro.<\/p>","protected":false},"featured_media":5465,"comment_status":"open","ping_status":"closed","template":"","meta":[],"product_brand":[],"product_cat":[54],"product_tag":[],"class_list":{"0":"post-5480","1":"product","2":"type-product","3":"status-publish","4":"has-post-thumbnail","6":"product_cat-solar","8":"first","9":"instock","10":"shipping-taxable","11":"purchasable","12":"product-type-simple"},"_links":{"self":[{"href":"https:\/\/eduardoschaberger.ar\/en\/wp-json\/wp\/v2\/product\/5480","targetHints":{"allow":["GET"]}}],"collection":[{"href":"https:\/\/eduardoschaberger.ar\/en\/wp-json\/wp\/v2\/product"}],"about":[{"href":"https:\/\/eduardoschaberger.ar\/en\/wp-json\/wp\/v2\/types\/product"}],"replies":[{"embeddable":true,"href":"https:\/\/eduardoschaberger.ar\/en\/wp-json\/wp\/v2\/comments?post=5480"}],"wp:featuredmedia":[{"embeddable":true,"href":"https:\/\/eduardoschaberger.ar\/en\/wp-json\/wp\/v2\/media\/5465"}],"wp:attachment":[{"href":"https:\/\/eduardoschaberger.ar\/en\/wp-json\/wp\/v2\/media?parent=5480"}],"wp:term":[{"taxonomy":"product_brand","embeddable":true,"href":"https:\/\/eduardoschaberger.ar\/en\/wp-json\/wp\/v2\/product_brand?post=5480"},{"taxonomy":"product_cat","embeddable":true,"href":"https:\/\/eduardoschaberger.ar\/en\/wp-json\/wp\/v2\/product_cat?post=5480"},{"taxonomy":"product_tag","embeddable":true,"href":"https:\/\/eduardoschaberger.ar\/en\/wp-json\/wp\/v2\/product_tag?post=5480"}],"curies":[{"name":"wp","href":"https:\/\/api.w.org\/{rel}","templated":true}]}}