{"id":5485,"date":"2024-02-18T18:37:11","date_gmt":"2024-02-18T21:37:11","guid":{"rendered":"https:\/\/eduardoschaberger.ar\/?post_type=product&#038;p=5485"},"modified":"2025-12-08T16:02:31","modified_gmt":"2025-12-08T19:02:31","slug":"iss-solar-transit-23-12-2023","status":"publish","type":"product","link":"https:\/\/eduardoschaberger.ar\/en\/tienda\/iss-solar-transit-23-12-2023\/","title":{"rendered":"Encuentro solar"},"content":{"rendered":"<div class=\"xdj266r x11i5rnm xat24cr x1mh8g0r x1vvkbs x126k92a\">\n<div dir=\"auto\">Cuadro 40&#215;40 cm. con marco de 3 cm. de madera, color negro.<\/div>\n<div dir=\"auto\"><\/div>\n<div dir=\"auto\">El 26 de diciembre del 2023, la ISS cruz\u00f3 el disco solar a las 15:05 hs. Este evento fue visible dentro de una estrecha franja de menos de 5 km, cuyo centro pas\u00f3 por las afueras de la ciudad donde vivo. La ISS, orbitando la Tierra a 28,000 km\/h, cruz\u00f3 el disco solar en solo 0.7 segundos.<\/div>\n<div dir=\"auto\"><\/div>\n<div dir=\"auto\">Tuve una suerte incre\u00edble, ya que hab\u00eda llevado una nueva montura que nunca antes hab\u00eda usado, lo que provoc\u00f3 un retraso significativo al configurar todo el equipo. \u00a1Solo a m\u00ed se me ocurre llevar un nuevo equipo a un evento que no permite margen de error, jaja! Cuando termin\u00e9 de acomodar todo, era justo el momento del tr\u00e1nsito de la estaci\u00f3n, as\u00ed que logr\u00e9 enfocar y lanzar la secuencia de fotograf\u00edas; menos de 2 segundos despu\u00e9s, la ISS cruz\u00f3 el disco solar.<\/div>\n<div dir=\"auto\"><\/div>\n<div dir=\"auto\">La suerte realmente estuvo de mi lado&#8230;<\/div>\n<\/div>","protected":false},"excerpt":{"rendered":"<p>Cuadro 40&#215;40 cm. con marco de 3 cm. de madera, color negro.<\/p>","protected":false},"featured_media":5455,"comment_status":"open","ping_status":"closed","template":"","meta":[],"product_brand":[],"product_cat":[57],"product_tag":[],"class_list":{"0":"post-5485","1":"product","2":"type-product","3":"status-publish","4":"has-post-thumbnail","6":"product_cat-transitos-iss","8":"first","9":"instock","10":"shipping-taxable","11":"purchasable","12":"product-type-simple"},"_links":{"self":[{"href":"https:\/\/eduardoschaberger.ar\/en\/wp-json\/wp\/v2\/product\/5485","targetHints":{"allow":["GET"]}}],"collection":[{"href":"https:\/\/eduardoschaberger.ar\/en\/wp-json\/wp\/v2\/product"}],"about":[{"href":"https:\/\/eduardoschaberger.ar\/en\/wp-json\/wp\/v2\/types\/product"}],"replies":[{"embeddable":true,"href":"https:\/\/eduardoschaberger.ar\/en\/wp-json\/wp\/v2\/comments?post=5485"}],"wp:featuredmedia":[{"embeddable":true,"href":"https:\/\/eduardoschaberger.ar\/en\/wp-json\/wp\/v2\/media\/5455"}],"wp:attachment":[{"href":"https:\/\/eduardoschaberger.ar\/en\/wp-json\/wp\/v2\/media?parent=5485"}],"wp:term":[{"taxonomy":"product_brand","embeddable":true,"href":"https:\/\/eduardoschaberger.ar\/en\/wp-json\/wp\/v2\/product_brand?post=5485"},{"taxonomy":"product_cat","embeddable":true,"href":"https:\/\/eduardoschaberger.ar\/en\/wp-json\/wp\/v2\/product_cat?post=5485"},{"taxonomy":"product_tag","embeddable":true,"href":"https:\/\/eduardoschaberger.ar\/en\/wp-json\/wp\/v2\/product_tag?post=5485"}],"curies":[{"name":"wp","href":"https:\/\/api.w.org\/{rel}","templated":true}]}}