{"id":5919,"date":"2024-09-01T21:34:39","date_gmt":"2024-09-02T00:34:39","guid":{"rendered":"https:\/\/eduardoschaberger.ar\/?post_type=product&#038;p=5919"},"modified":"2025-12-08T16:01:55","modified_gmt":"2025-12-08T19:01:55","slug":"lengua-de-plasma","status":"publish","type":"product","link":"https:\/\/eduardoschaberger.ar\/en\/tienda\/lengua-de-plasma\/","title":{"rendered":"Lengua de Plasma"},"content":{"rendered":"<p>Cuadro 40&#215;40 cm. con marco de 3 cm. de madera, color negro.<\/p>\n<p>El 17 de julio del 2024, alrededor de las 15:30, a pesar de la enorme turbulencia de la atm\u00f3sfera, logr\u00e9 fotografiar una gigantesca lengua de plasma en el Sol con mi telescopio H-alfa. Mientras observaba, la prominencia segu\u00eda creciendo y alcanz\u00f3 una altura impresionante de m\u00e1s de 380,000 km, \u00a1m\u00e1s que la distancia entre la Tierra y la Luna!<\/p>\n<p>Este fen\u00f3meno solar fue realmente espectacular. La gigantesca lengua de plasma se extend\u00eda como una serpiente de fuego. La magnitud y la belleza de este evento me dejaron asombrado, record\u00e1ndome una vez m\u00e1s la majestuosidad y el poder del universo que nos rodea.<\/p>\n<p>Capturar este momento con mi telescopio fue una experiencia inolvidable, a pesar de las condiciones adversas.<\/p>","protected":false},"excerpt":{"rendered":"<p>Cuadro 40&#215;40 cm. con marco de 3 cm. de madera, color negro. El 17 de julio del 2024, alrededor de las 15:30, a pesar de la enorme turbulencia de la atm\u00f3sfera, logr\u00e9 fotografiar una gigantesca lengua de plasma en el Sol con mi telescopio H-alfa. Mientras observaba, la prominencia segu\u00eda creciendo y alcanz\u00f3 una altura [&hellip;]<\/p>\n","protected":false},"featured_media":5913,"comment_status":"open","ping_status":"closed","template":"","meta":[],"product_brand":[],"product_cat":[54],"product_tag":[],"class_list":{"0":"post-5919","1":"product","2":"type-product","3":"status-publish","4":"has-post-thumbnail","6":"product_cat-solar","8":"first","9":"instock","10":"shipping-taxable","11":"purchasable","12":"product-type-simple"},"_links":{"self":[{"href":"https:\/\/eduardoschaberger.ar\/en\/wp-json\/wp\/v2\/product\/5919","targetHints":{"allow":["GET"]}}],"collection":[{"href":"https:\/\/eduardoschaberger.ar\/en\/wp-json\/wp\/v2\/product"}],"about":[{"href":"https:\/\/eduardoschaberger.ar\/en\/wp-json\/wp\/v2\/types\/product"}],"replies":[{"embeddable":true,"href":"https:\/\/eduardoschaberger.ar\/en\/wp-json\/wp\/v2\/comments?post=5919"}],"wp:featuredmedia":[{"embeddable":true,"href":"https:\/\/eduardoschaberger.ar\/en\/wp-json\/wp\/v2\/media\/5913"}],"wp:attachment":[{"href":"https:\/\/eduardoschaberger.ar\/en\/wp-json\/wp\/v2\/media?parent=5919"}],"wp:term":[{"taxonomy":"product_brand","embeddable":true,"href":"https:\/\/eduardoschaberger.ar\/en\/wp-json\/wp\/v2\/product_brand?post=5919"},{"taxonomy":"product_cat","embeddable":true,"href":"https:\/\/eduardoschaberger.ar\/en\/wp-json\/wp\/v2\/product_cat?post=5919"},{"taxonomy":"product_tag","embeddable":true,"href":"https:\/\/eduardoschaberger.ar\/en\/wp-json\/wp\/v2\/product_tag?post=5919"}],"curies":[{"name":"wp","href":"https:\/\/api.w.org\/{rel}","templated":true}]}}