{"id":5923,"date":"2024-09-01T21:39:31","date_gmt":"2024-09-02T00:39:31","guid":{"rendered":"https:\/\/eduardoschaberger.ar\/?post_type=product&#038;p=5923"},"modified":"2025-12-08T16:01:10","modified_gmt":"2025-12-08T19:01:10","slug":"transito-solar-de-la-iss","status":"publish","type":"product","link":"https:\/\/eduardoschaberger.ar\/en\/tienda\/transito-solar-de-la-iss\/","title":{"rendered":"Tr\u00e1nsito Solar de la ISS"},"content":{"rendered":"<p>Cuadro 40&#215;40 cm. con marco de 3 cm. de madera, color negro.<\/p>\n<p>El s\u00e1bado 24 de septiembre de 2022, el sol nos regal\u00f3 una escena muy especial, ya que en el borde sureste, una enorme prominencia se elevaba unos 100,000 km sobre su superficie. Este hecho ya era un gran espect\u00e1culo por s\u00ed mismo, pero viajando unos 65 km al norte del lugar donde vivo, pude a\u00f1adir un ingrediente m\u00e1s y fotografiar el r\u00e1pido tr\u00e1nsito de la Estaci\u00f3n Espacial Internacional (ISS) frente al disco solar.<\/p>\n<p>Este paso dur\u00f3 solo 6 d\u00e9cimas de segundo.<\/p>","protected":false},"excerpt":{"rendered":"<p>Cuadro 40&#215;40 cm. con marco de 3 cm. de madera, color negro. El s\u00e1bado 24 de septiembre de 2022, el sol nos regal\u00f3 una escena muy especial, ya que en el borde sureste, una enorme prominencia se elevaba unos 100,000 km sobre su superficie. Este hecho ya era un gran espect\u00e1culo por s\u00ed mismo, pero [&hellip;]<\/p>\n","protected":false},"featured_media":5909,"comment_status":"open","ping_status":"closed","template":"","meta":[],"product_brand":[],"product_cat":[54,57],"product_tag":[],"class_list":{"0":"post-5923","1":"product","2":"type-product","3":"status-publish","4":"has-post-thumbnail","6":"product_cat-solar","7":"product_cat-transitos-iss","9":"first","10":"instock","11":"shipping-taxable","12":"purchasable","13":"product-type-simple"},"_links":{"self":[{"href":"https:\/\/eduardoschaberger.ar\/en\/wp-json\/wp\/v2\/product\/5923","targetHints":{"allow":["GET"]}}],"collection":[{"href":"https:\/\/eduardoschaberger.ar\/en\/wp-json\/wp\/v2\/product"}],"about":[{"href":"https:\/\/eduardoschaberger.ar\/en\/wp-json\/wp\/v2\/types\/product"}],"replies":[{"embeddable":true,"href":"https:\/\/eduardoschaberger.ar\/en\/wp-json\/wp\/v2\/comments?post=5923"}],"wp:featuredmedia":[{"embeddable":true,"href":"https:\/\/eduardoschaberger.ar\/en\/wp-json\/wp\/v2\/media\/5909"}],"wp:attachment":[{"href":"https:\/\/eduardoschaberger.ar\/en\/wp-json\/wp\/v2\/media?parent=5923"}],"wp:term":[{"taxonomy":"product_brand","embeddable":true,"href":"https:\/\/eduardoschaberger.ar\/en\/wp-json\/wp\/v2\/product_brand?post=5923"},{"taxonomy":"product_cat","embeddable":true,"href":"https:\/\/eduardoschaberger.ar\/en\/wp-json\/wp\/v2\/product_cat?post=5923"},{"taxonomy":"product_tag","embeddable":true,"href":"https:\/\/eduardoschaberger.ar\/en\/wp-json\/wp\/v2\/product_tag?post=5923"}],"curies":[{"name":"wp","href":"https:\/\/api.w.org\/{rel}","templated":true}]}}