{"id":5924,"date":"2024-09-01T21:40:29","date_gmt":"2024-09-02T00:40:29","guid":{"rendered":"https:\/\/eduardoschaberger.ar\/?post_type=product&#038;p=5924"},"modified":"2025-12-08T16:25:59","modified_gmt":"2025-12-08T19:25:59","slug":"transito-lunar-de-la-iss","status":"publish","type":"product","link":"https:\/\/eduardoschaberger.ar\/en\/tienda\/transito-lunar-de-la-iss\/","title":{"rendered":"Tr\u00e1nsito Lunar de la ISS"},"content":{"rendered":"<p>Cuadro 40&#215;40 cm. con marco de 3 cm. de madera, color negro.<\/p>\n<p>El 29 de septiembre de 2022, a las 14:17 hs, la Estaci\u00f3n Espacial Internacional (ISS) transit\u00f3 frente a una delgada luna creciente, que en ese momento ten\u00eda solo un 5.8% de su superficie iluminada. Este evento dur\u00f3 apenas 6 d\u00e9cimas de segundo y fue visible dentro de una estrecha franja de s\u00f3lo 5 km de ancho.<br \/>\nPara estar en el lugar adecuado para capturar este tr\u00e1nsito, viaj\u00e9 aproximadamente 133 km, cerca de la localidad de Santurce, al norte de la ciudad de San Crist\u00f3bal, en la provincia de Santa Fe, Argentina.<\/p>\n<p>A pesar de la alta turbulencia en la atm\u00f3sfera y las fuertes r\u00e1fagas de viento, el resultado fue lo suficientemente bueno. Este es el registro de este r\u00e1pido paso de la ISS frente a la luna a plena luz del d\u00eda.<\/p>","protected":false},"excerpt":{"rendered":"<p>Cuadro 40&#215;40 cm. con marco de 3 cm. de madera, color negro.<\/p>","protected":false},"featured_media":5910,"comment_status":"open","ping_status":"closed","template":"","meta":[],"product_brand":[],"product_cat":[55,57],"product_tag":[],"class_list":{"0":"post-5924","1":"product","2":"type-product","3":"status-publish","4":"has-post-thumbnail","6":"product_cat-lunar","7":"product_cat-transitos-iss","9":"first","10":"instock","11":"shipping-taxable","12":"purchasable","13":"product-type-simple"},"_links":{"self":[{"href":"https:\/\/eduardoschaberger.ar\/en\/wp-json\/wp\/v2\/product\/5924","targetHints":{"allow":["GET"]}}],"collection":[{"href":"https:\/\/eduardoschaberger.ar\/en\/wp-json\/wp\/v2\/product"}],"about":[{"href":"https:\/\/eduardoschaberger.ar\/en\/wp-json\/wp\/v2\/types\/product"}],"replies":[{"embeddable":true,"href":"https:\/\/eduardoschaberger.ar\/en\/wp-json\/wp\/v2\/comments?post=5924"}],"wp:featuredmedia":[{"embeddable":true,"href":"https:\/\/eduardoschaberger.ar\/en\/wp-json\/wp\/v2\/media\/5910"}],"wp:attachment":[{"href":"https:\/\/eduardoschaberger.ar\/en\/wp-json\/wp\/v2\/media?parent=5924"}],"wp:term":[{"taxonomy":"product_brand","embeddable":true,"href":"https:\/\/eduardoschaberger.ar\/en\/wp-json\/wp\/v2\/product_brand?post=5924"},{"taxonomy":"product_cat","embeddable":true,"href":"https:\/\/eduardoschaberger.ar\/en\/wp-json\/wp\/v2\/product_cat?post=5924"},{"taxonomy":"product_tag","embeddable":true,"href":"https:\/\/eduardoschaberger.ar\/en\/wp-json\/wp\/v2\/product_tag?post=5924"}],"curies":[{"name":"wp","href":"https:\/\/api.w.org\/{rel}","templated":true}]}}