{"id":5930,"date":"2024-12-06T20:12:30","date_gmt":"2024-12-06T23:12:30","guid":{"rendered":"https:\/\/eduardoschaberger.ar\/?post_type=product&#038;p=5930"},"modified":"2025-12-08T16:00:29","modified_gmt":"2025-12-08T19:00:29","slug":"cometa-atlas-y-via-lactea","status":"publish","type":"product","link":"https:\/\/eduardoschaberger.ar\/en\/tienda\/cometa-atlas-y-via-lactea\/","title":{"rendered":"El cometa y el centro gal\u00e1ctico"},"content":{"rendered":"<p style=\"text-align: center;\">Cuadro de 40&#215;40 cm. con marco de 3 cm. de madera, color negro.<\/p>\n<p style=\"text-align: center;\">El 19 de octubre de 2024, un molino deteriorado por el paso del tiempo se recortaba contra el cielo en el inicio de la noche. Sobre \u00e9l, el cometa C\/2023 A3 Tsuchinshan\/ATLAS, un visitante fugaz que quiz\u00e1s nunca regrese, y el brillante planeta Venus compart\u00edan el horizonte. M\u00e1s arriba, el arco de la V\u00eda L\u00e1ctea se hac\u00eda visible, a\u00f1adiendo profundidad al paisaje. Cada elemento se un\u00eda en una escena que conectaba lo terrenal y el universo infinito, en un momento donde lo ef\u00edmero se encuentra con lo eterno.<\/p>","protected":false},"excerpt":{"rendered":"<p>Cuadro de 40&#215;40 cm. con marco de 3 cm. de madera, color negro.<\/p>","protected":false},"featured_media":5931,"comment_status":"open","ping_status":"closed","template":"","meta":[],"product_brand":[],"product_cat":[56],"product_tag":[],"class_list":{"0":"post-5930","1":"product","2":"type-product","3":"status-publish","4":"has-post-thumbnail","6":"product_cat-paisaje-astronomico","8":"first","9":"instock","10":"shipping-taxable","11":"purchasable","12":"product-type-simple"},"_links":{"self":[{"href":"https:\/\/eduardoschaberger.ar\/en\/wp-json\/wp\/v2\/product\/5930","targetHints":{"allow":["GET"]}}],"collection":[{"href":"https:\/\/eduardoschaberger.ar\/en\/wp-json\/wp\/v2\/product"}],"about":[{"href":"https:\/\/eduardoschaberger.ar\/en\/wp-json\/wp\/v2\/types\/product"}],"replies":[{"embeddable":true,"href":"https:\/\/eduardoschaberger.ar\/en\/wp-json\/wp\/v2\/comments?post=5930"}],"wp:featuredmedia":[{"embeddable":true,"href":"https:\/\/eduardoschaberger.ar\/en\/wp-json\/wp\/v2\/media\/5931"}],"wp:attachment":[{"href":"https:\/\/eduardoschaberger.ar\/en\/wp-json\/wp\/v2\/media?parent=5930"}],"wp:term":[{"taxonomy":"product_brand","embeddable":true,"href":"https:\/\/eduardoschaberger.ar\/en\/wp-json\/wp\/v2\/product_brand?post=5930"},{"taxonomy":"product_cat","embeddable":true,"href":"https:\/\/eduardoschaberger.ar\/en\/wp-json\/wp\/v2\/product_cat?post=5930"},{"taxonomy":"product_tag","embeddable":true,"href":"https:\/\/eduardoschaberger.ar\/en\/wp-json\/wp\/v2\/product_tag?post=5930"}],"curies":[{"name":"wp","href":"https:\/\/api.w.org\/{rel}","templated":true}]}}