{"id":5934,"date":"2025-12-08T16:07:44","date_gmt":"2025-12-08T19:07:44","guid":{"rendered":"https:\/\/eduardoschaberger.ar\/?post_type=product&#038;p=5934"},"modified":"2025-12-16T15:36:52","modified_gmt":"2025-12-16T18:36:52","slug":"oferta-luna-creciente-en-un-magico-atardecer","status":"publish","type":"product","link":"https:\/\/eduardoschaberger.ar\/en\/tienda\/oferta-luna-creciente-en-un-magico-atardecer\/","title":{"rendered":"OFERTA &#8211; Luna creciente en un m\u00e1gico atardecer"},"content":{"rendered":"<p>Impresi\u00f3n fine art de 40&#215;60 cm. (sin marco)<\/p>\n<p>Durante el atardecer del lunes 1 de agosto de 2022, el cielo nos ofreci\u00f3 un espect\u00e1culo impresionante, las nubes, iluminadas por los \u00faltimos rayos del sol, parec\u00edan transformarse en llamas de un rojo intenso. Este momento m\u00e1gico se vio realzado por la presencia de una delicada luna creciente, con el 16% de su superficie iluminada.<\/p>","protected":false},"excerpt":{"rendered":"<p>Impresi\u00f3n fine art de 40&#215;60 cm.<\/p>","protected":false},"featured_media":5467,"comment_status":"open","ping_status":"closed","template":"","meta":[],"product_brand":[],"product_cat":[55,66,56],"product_tag":[],"class_list":{"0":"post-5934","1":"product","2":"type-product","3":"status-publish","4":"has-post-thumbnail","6":"product_cat-lunar","7":"product_cat-oferta","8":"product_cat-paisaje-astronomico","10":"first","11":"instock","12":"shipping-taxable","13":"purchasable","14":"product-type-simple"},"_links":{"self":[{"href":"https:\/\/eduardoschaberger.ar\/en\/wp-json\/wp\/v2\/product\/5934","targetHints":{"allow":["GET"]}}],"collection":[{"href":"https:\/\/eduardoschaberger.ar\/en\/wp-json\/wp\/v2\/product"}],"about":[{"href":"https:\/\/eduardoschaberger.ar\/en\/wp-json\/wp\/v2\/types\/product"}],"replies":[{"embeddable":true,"href":"https:\/\/eduardoschaberger.ar\/en\/wp-json\/wp\/v2\/comments?post=5934"}],"wp:featuredmedia":[{"embeddable":true,"href":"https:\/\/eduardoschaberger.ar\/en\/wp-json\/wp\/v2\/media\/5467"}],"wp:attachment":[{"href":"https:\/\/eduardoschaberger.ar\/en\/wp-json\/wp\/v2\/media?parent=5934"}],"wp:term":[{"taxonomy":"product_brand","embeddable":true,"href":"https:\/\/eduardoschaberger.ar\/en\/wp-json\/wp\/v2\/product_brand?post=5934"},{"taxonomy":"product_cat","embeddable":true,"href":"https:\/\/eduardoschaberger.ar\/en\/wp-json\/wp\/v2\/product_cat?post=5934"},{"taxonomy":"product_tag","embeddable":true,"href":"https:\/\/eduardoschaberger.ar\/en\/wp-json\/wp\/v2\/product_tag?post=5934"}],"curies":[{"name":"wp","href":"https:\/\/api.w.org\/{rel}","templated":true}]}}