{"id":5938,"date":"2025-12-08T16:31:37","date_gmt":"2025-12-08T19:31:37","guid":{"rendered":"https:\/\/eduardoschaberger.ar\/?post_type=product&#038;p=5938"},"modified":"2025-12-16T15:36:52","modified_gmt":"2025-12-16T18:36:52","slug":"oferta-una-mancha-solar-explosiva","status":"publish","type":"product","link":"https:\/\/eduardoschaberger.ar\/en\/tienda\/oferta-una-mancha-solar-explosiva\/","title":{"rendered":"OFERTA &#8211; Una mancha solar explosiva"},"content":{"rendered":"<p>Impresi\u00f3n fine art de 40&#215;40 cm. (sin marco)<\/p>\n<p>Cerca del mediod\u00eda del jueves 9 de mayo, despu\u00e9s de un par de semanas con cielos totalmente nublados, las nubes se disiparon un poco y me permitieron fotografiar la impresionante mancha solar AR3664. Esta mancha se extend\u00eda unos 200.000 km sobre la superficie del sol y capt\u00f3 la atenci\u00f3n de los astr\u00f3nomos debido a su intensa actividad, la cual gener\u00f3 innumerables llamaradas solares muy potentes, que el Viernes 10 causaron una tormenta solar severa que se manifest\u00f3 como intensas auroras boreales y australes.<\/p>\n<p>Adem\u00e1s de esta mancha solar, en el limbo suroeste de nuestra estrella se pudo observar una gigantesca prominencia que alcanz\u00f3 unos 150.000 km de altura y 270.000 km de ancho, creando un paisaje solar incre\u00edble.<\/p>","protected":false},"excerpt":{"rendered":"<p>Impresi\u00f3n fine art de 40&#215;40 cm. (sin marco)<\/p>","protected":false},"featured_media":5915,"comment_status":"open","ping_status":"closed","template":"","meta":[],"product_brand":[],"product_cat":[66,54],"product_tag":[],"class_list":{"0":"post-5938","1":"product","2":"type-product","3":"status-publish","4":"has-post-thumbnail","6":"product_cat-oferta","7":"product_cat-solar","9":"first","10":"instock","11":"shipping-taxable","12":"purchasable","13":"product-type-simple"},"_links":{"self":[{"href":"https:\/\/eduardoschaberger.ar\/en\/wp-json\/wp\/v2\/product\/5938","targetHints":{"allow":["GET"]}}],"collection":[{"href":"https:\/\/eduardoschaberger.ar\/en\/wp-json\/wp\/v2\/product"}],"about":[{"href":"https:\/\/eduardoschaberger.ar\/en\/wp-json\/wp\/v2\/types\/product"}],"replies":[{"embeddable":true,"href":"https:\/\/eduardoschaberger.ar\/en\/wp-json\/wp\/v2\/comments?post=5938"}],"wp:featuredmedia":[{"embeddable":true,"href":"https:\/\/eduardoschaberger.ar\/en\/wp-json\/wp\/v2\/media\/5915"}],"wp:attachment":[{"href":"https:\/\/eduardoschaberger.ar\/en\/wp-json\/wp\/v2\/media?parent=5938"}],"wp:term":[{"taxonomy":"product_brand","embeddable":true,"href":"https:\/\/eduardoschaberger.ar\/en\/wp-json\/wp\/v2\/product_brand?post=5938"},{"taxonomy":"product_cat","embeddable":true,"href":"https:\/\/eduardoschaberger.ar\/en\/wp-json\/wp\/v2\/product_cat?post=5938"},{"taxonomy":"product_tag","embeddable":true,"href":"https:\/\/eduardoschaberger.ar\/en\/wp-json\/wp\/v2\/product_tag?post=5938"}],"curies":[{"name":"wp","href":"https:\/\/api.w.org\/{rel}","templated":true}]}}