{"id":5939,"date":"2025-12-08T16:32:47","date_gmt":"2025-12-08T19:32:47","guid":{"rendered":"https:\/\/eduardoschaberger.ar\/?post_type=product&#038;p=5939"},"modified":"2025-12-16T15:36:52","modified_gmt":"2025-12-16T18:36:52","slug":"oferta-rio-de-plasma","status":"publish","type":"product","link":"https:\/\/eduardoschaberger.ar\/en\/tienda\/oferta-rio-de-plasma\/","title":{"rendered":"OFERTA &#8211; R\u00edo de Plasma"},"content":{"rendered":"<p>Impresi\u00f3n fine art de 40&#215;40 cm. (sin marco)<\/p>\n<p>Durante el mes de Mayo del 2024 el sol estuvo incre\u00edblemente activo. No solo hemos visto grandes manchas solares y enormes erupciones, que causaron auroras polares impresionantes, sino que tambi\u00e9n se alcanz\u00f3 un nuevo m\u00e1ximo en el conteo de manchas solares para el ciclo solar 25. Para coronar ese impresionante mes de actividad solar, el 30 de mayo pudimos contemplar un enorme filamento que se extend\u00eda sobre la superficie del Sol como un serpenteante r\u00edo de plasma, con m\u00e1s de 600,000 km de largo, \u00a1casi la mitad del di\u00e1metro solar!<\/p>\n<p>Esta asombrosa estructura de plasma permaneci\u00f3 m\u00e1s de 6 d\u00edas sobre la superficie del Sol.<\/p>","protected":false},"excerpt":{"rendered":"<p>Impresi\u00f3n fine art de 40&#215;40 cm. (sin marco)<\/p>","protected":false},"featured_media":5914,"comment_status":"open","ping_status":"closed","template":"","meta":[],"product_brand":[],"product_cat":[66,54],"product_tag":[],"class_list":{"0":"post-5939","1":"product","2":"type-product","3":"status-publish","4":"has-post-thumbnail","6":"product_cat-oferta","7":"product_cat-solar","9":"first","10":"instock","11":"shipping-taxable","12":"purchasable","13":"product-type-simple"},"_links":{"self":[{"href":"https:\/\/eduardoschaberger.ar\/en\/wp-json\/wp\/v2\/product\/5939","targetHints":{"allow":["GET"]}}],"collection":[{"href":"https:\/\/eduardoschaberger.ar\/en\/wp-json\/wp\/v2\/product"}],"about":[{"href":"https:\/\/eduardoschaberger.ar\/en\/wp-json\/wp\/v2\/types\/product"}],"replies":[{"embeddable":true,"href":"https:\/\/eduardoschaberger.ar\/en\/wp-json\/wp\/v2\/comments?post=5939"}],"wp:featuredmedia":[{"embeddable":true,"href":"https:\/\/eduardoschaberger.ar\/en\/wp-json\/wp\/v2\/media\/5914"}],"wp:attachment":[{"href":"https:\/\/eduardoschaberger.ar\/en\/wp-json\/wp\/v2\/media?parent=5939"}],"wp:term":[{"taxonomy":"product_brand","embeddable":true,"href":"https:\/\/eduardoschaberger.ar\/en\/wp-json\/wp\/v2\/product_brand?post=5939"},{"taxonomy":"product_cat","embeddable":true,"href":"https:\/\/eduardoschaberger.ar\/en\/wp-json\/wp\/v2\/product_cat?post=5939"},{"taxonomy":"product_tag","embeddable":true,"href":"https:\/\/eduardoschaberger.ar\/en\/wp-json\/wp\/v2\/product_tag?post=5939"}],"curies":[{"name":"wp","href":"https:\/\/api.w.org\/{rel}","templated":true}]}}