{"id":5940,"date":"2025-12-08T16:33:51","date_gmt":"2025-12-08T19:33:51","guid":{"rendered":"https:\/\/eduardoschaberger.ar\/?post_type=product&#038;p=5940"},"modified":"2025-12-16T15:36:52","modified_gmt":"2025-12-16T18:36:52","slug":"oferta-lengua-de-plasma","status":"publish","type":"product","link":"https:\/\/eduardoschaberger.ar\/en\/tienda\/oferta-lengua-de-plasma\/","title":{"rendered":"OFERTA &#8211; Lengua de Plasma"},"content":{"rendered":"<p>Impresi\u00f3n fine art de 40&#215;40 cm. (sin marco)<\/p>\n<p>El 17 de julio del 2024, alrededor de las 15:30, a pesar de la enorme turbulencia de la atm\u00f3sfera, logr\u00e9 fotografiar una gigantesca lengua de plasma en el Sol con mi telescopio H-alfa. Mientras observaba, la prominencia segu\u00eda creciendo y alcanz\u00f3 una altura impresionante de m\u00e1s de 380,000 km, \u00a1m\u00e1s que la distancia entre la Tierra y la Luna!<\/p>\n<p>Este fen\u00f3meno solar fue realmente espectacular. La gigantesca lengua de plasma se extend\u00eda como una serpiente de fuego. La magnitud y la belleza de este evento me dejaron asombrado, record\u00e1ndome una vez m\u00e1s la majestuosidad y el poder del universo que nos rodea.<\/p>\n<p>Capturar este momento con mi telescopio fue una experiencia inolvidable, a pesar de las condiciones adversas.<\/p>","protected":false},"excerpt":{"rendered":"<p>Impresi\u00f3n fine art de 40&#215;40 cm. (sin marco)<\/p>","protected":false},"featured_media":5913,"comment_status":"open","ping_status":"closed","template":"","meta":[],"product_brand":[],"product_cat":[66,54],"product_tag":[],"class_list":{"0":"post-5940","1":"product","2":"type-product","3":"status-publish","4":"has-post-thumbnail","6":"product_cat-oferta","7":"product_cat-solar","9":"first","10":"outofstock","11":"shipping-taxable","12":"purchasable","13":"product-type-simple"},"_links":{"self":[{"href":"https:\/\/eduardoschaberger.ar\/en\/wp-json\/wp\/v2\/product\/5940","targetHints":{"allow":["GET"]}}],"collection":[{"href":"https:\/\/eduardoschaberger.ar\/en\/wp-json\/wp\/v2\/product"}],"about":[{"href":"https:\/\/eduardoschaberger.ar\/en\/wp-json\/wp\/v2\/types\/product"}],"replies":[{"embeddable":true,"href":"https:\/\/eduardoschaberger.ar\/en\/wp-json\/wp\/v2\/comments?post=5940"}],"wp:featuredmedia":[{"embeddable":true,"href":"https:\/\/eduardoschaberger.ar\/en\/wp-json\/wp\/v2\/media\/5913"}],"wp:attachment":[{"href":"https:\/\/eduardoschaberger.ar\/en\/wp-json\/wp\/v2\/media?parent=5940"}],"wp:term":[{"taxonomy":"product_brand","embeddable":true,"href":"https:\/\/eduardoschaberger.ar\/en\/wp-json\/wp\/v2\/product_brand?post=5940"},{"taxonomy":"product_cat","embeddable":true,"href":"https:\/\/eduardoschaberger.ar\/en\/wp-json\/wp\/v2\/product_cat?post=5940"},{"taxonomy":"product_tag","embeddable":true,"href":"https:\/\/eduardoschaberger.ar\/en\/wp-json\/wp\/v2\/product_tag?post=5940"}],"curies":[{"name":"wp","href":"https:\/\/api.w.org\/{rel}","templated":true}]}}