{"id":5942,"date":"2025-12-08T16:36:25","date_gmt":"2025-12-08T19:36:25","guid":{"rendered":"https:\/\/eduardoschaberger.ar\/?post_type=product&#038;p=5942"},"modified":"2025-12-16T15:36:52","modified_gmt":"2025-12-16T18:36:52","slug":"oferta-flotando-en-el-cielo-azul","status":"publish","type":"product","link":"https:\/\/eduardoschaberger.ar\/en\/tienda\/oferta-flotando-en-el-cielo-azul\/","title":{"rendered":"OFERTA &#8211; Flotando en el cielo azul"},"content":{"rendered":"<p>Impresi\u00f3n fine art de 40&#215;40 cm. (sin marco)<\/p>\n<p>Cuando pensamos en la luna, a menudo nos viene a la mente la imagen de nuestro sat\u00e9lite brillando en la noche, y solemos olvidar que la luna tambi\u00e9n se puede ver durante el d\u00eda. En la ma\u00f1ana del 3 de febrero de 2024, fotografi\u00e9 esta delicada luna menguante flotando en el cielo azul, ofreciendo una vista casi m\u00e1gica de sus cr\u00e1teres y monta\u00f1as.<\/p>\n<p>Decid\u00ed intentar capturar su disco completo con la mayor resoluci\u00f3n posible, para lo cual utilic\u00e9 un filtro infrarrojo que ayud\u00f3 a contrarrestar parte de la turbulencia atmosf\u00e9rica. El resultado me pareci\u00f3 fascinante, mostrando con gran claridad varias de sus caracter\u00edsticas geogr\u00e1ficas m\u00e1s impresionantes.<\/p>","protected":false},"excerpt":{"rendered":"<p>Impresi\u00f3n fine art de 40&#215;40 cm. (sin marco)<\/p>","protected":false},"featured_media":5916,"comment_status":"open","ping_status":"closed","template":"","meta":[],"product_brand":[],"product_cat":[55,66],"product_tag":[],"class_list":{"0":"post-5942","1":"product","2":"type-product","3":"status-publish","4":"has-post-thumbnail","6":"product_cat-lunar","7":"product_cat-oferta","9":"first","10":"instock","11":"shipping-taxable","12":"purchasable","13":"product-type-simple"},"_links":{"self":[{"href":"https:\/\/eduardoschaberger.ar\/en\/wp-json\/wp\/v2\/product\/5942","targetHints":{"allow":["GET"]}}],"collection":[{"href":"https:\/\/eduardoschaberger.ar\/en\/wp-json\/wp\/v2\/product"}],"about":[{"href":"https:\/\/eduardoschaberger.ar\/en\/wp-json\/wp\/v2\/types\/product"}],"replies":[{"embeddable":true,"href":"https:\/\/eduardoschaberger.ar\/en\/wp-json\/wp\/v2\/comments?post=5942"}],"wp:featuredmedia":[{"embeddable":true,"href":"https:\/\/eduardoschaberger.ar\/en\/wp-json\/wp\/v2\/media\/5916"}],"wp:attachment":[{"href":"https:\/\/eduardoschaberger.ar\/en\/wp-json\/wp\/v2\/media?parent=5942"}],"wp:term":[{"taxonomy":"product_brand","embeddable":true,"href":"https:\/\/eduardoschaberger.ar\/en\/wp-json\/wp\/v2\/product_brand?post=5942"},{"taxonomy":"product_cat","embeddable":true,"href":"https:\/\/eduardoschaberger.ar\/en\/wp-json\/wp\/v2\/product_cat?post=5942"},{"taxonomy":"product_tag","embeddable":true,"href":"https:\/\/eduardoschaberger.ar\/en\/wp-json\/wp\/v2\/product_tag?post=5942"}],"curies":[{"name":"wp","href":"https:\/\/api.w.org\/{rel}","templated":true}]}}