{"id":5943,"date":"2025-12-08T16:37:49","date_gmt":"2025-12-08T19:37:49","guid":{"rendered":"https:\/\/eduardoschaberger.ar\/?post_type=product&#038;p=5943"},"modified":"2025-12-08T16:38:24","modified_gmt":"2025-12-08T19:38:24","slug":"oferta-encuentro-solar","status":"publish","type":"product","link":"https:\/\/eduardoschaberger.ar\/en\/tienda\/oferta-encuentro-solar\/","title":{"rendered":"OFERTA &#8211; Encuentro solar"},"content":{"rendered":"<div class=\"xdj266r x11i5rnm xat24cr x1mh8g0r x1vvkbs x126k92a\">\n<div dir=\"auto\">Impresi\u00f3n fine art de 40&#215;40 cm. (sin marco)<\/div>\n<div dir=\"auto\"><\/div>\n<div dir=\"auto\">El 26 de diciembre del 2023, la ISS cruz\u00f3 el disco solar a las 15:05 hs. Este evento fue visible dentro de una estrecha franja de menos de 5 km, cuyo centro pas\u00f3 por las afueras de la ciudad donde vivo. La ISS, orbitando la Tierra a 28,000 km\/h, cruz\u00f3 el disco solar en solo 0.7 segundos.<\/div>\n<div dir=\"auto\"><\/div>\n<div dir=\"auto\">Tuve una suerte incre\u00edble, ya que hab\u00eda llevado una nueva montura que nunca antes hab\u00eda usado, lo que provoc\u00f3 un retraso significativo al configurar todo el equipo. \u00a1Solo a m\u00ed se me ocurre llevar un nuevo equipo a un evento que no permite margen de error, jaja! Cuando termin\u00e9 de acomodar todo, era justo el momento del tr\u00e1nsito de la estaci\u00f3n, as\u00ed que logr\u00e9 enfocar y lanzar la secuencia de fotograf\u00edas; menos de 2 segundos despu\u00e9s, la ISS cruz\u00f3 el disco solar.<\/div>\n<div dir=\"auto\"><\/div>\n<div dir=\"auto\">La suerte realmente estuvo de mi lado&#8230;<\/div>\n<\/div>","protected":false},"excerpt":{"rendered":"<p>Impresi\u00f3n fine art de 40&#215;40 cm. (sin marco)<\/p>","protected":false},"featured_media":5455,"comment_status":"open","ping_status":"closed","template":"","meta":[],"product_brand":[],"product_cat":[66,57],"product_tag":[],"class_list":{"0":"post-5943","1":"product","2":"type-product","3":"status-publish","4":"has-post-thumbnail","6":"product_cat-oferta","7":"product_cat-transitos-iss","9":"first","10":"instock","11":"shipping-taxable","12":"purchasable","13":"product-type-simple"},"_links":{"self":[{"href":"https:\/\/eduardoschaberger.ar\/en\/wp-json\/wp\/v2\/product\/5943","targetHints":{"allow":["GET"]}}],"collection":[{"href":"https:\/\/eduardoschaberger.ar\/en\/wp-json\/wp\/v2\/product"}],"about":[{"href":"https:\/\/eduardoschaberger.ar\/en\/wp-json\/wp\/v2\/types\/product"}],"replies":[{"embeddable":true,"href":"https:\/\/eduardoschaberger.ar\/en\/wp-json\/wp\/v2\/comments?post=5943"}],"wp:featuredmedia":[{"embeddable":true,"href":"https:\/\/eduardoschaberger.ar\/en\/wp-json\/wp\/v2\/media\/5455"}],"wp:attachment":[{"href":"https:\/\/eduardoschaberger.ar\/en\/wp-json\/wp\/v2\/media?parent=5943"}],"wp:term":[{"taxonomy":"product_brand","embeddable":true,"href":"https:\/\/eduardoschaberger.ar\/en\/wp-json\/wp\/v2\/product_brand?post=5943"},{"taxonomy":"product_cat","embeddable":true,"href":"https:\/\/eduardoschaberger.ar\/en\/wp-json\/wp\/v2\/product_cat?post=5943"},{"taxonomy":"product_tag","embeddable":true,"href":"https:\/\/eduardoschaberger.ar\/en\/wp-json\/wp\/v2\/product_tag?post=5943"}],"curies":[{"name":"wp","href":"https:\/\/api.w.org\/{rel}","templated":true}]}}