{"id":5947,"date":"2025-12-08T16:43:08","date_gmt":"2025-12-08T19:43:08","guid":{"rendered":"https:\/\/eduardoschaberger.ar\/?post_type=product&#038;p=5947"},"modified":"2025-12-08T16:44:27","modified_gmt":"2025-12-08T19:44:27","slug":"oferta-volando-hacia-el-sol","status":"publish","type":"product","link":"https:\/\/eduardoschaberger.ar\/en\/tienda\/oferta-volando-hacia-el-sol\/","title":{"rendered":"OFERTA &#8211; Volando hacia el sol"},"content":{"rendered":"<p>Impresi\u00f3n fine art de 40&#215;40 cm, (sin marco)<\/p>\n<p>El s\u00e1bado 29 de julio, alrededor de las 11 de la ma\u00f1ana, mientras intentaba fotografiar el sol con mi telescopio H-alpha, tuve la fortuna de presenciar el paso de un avi\u00f3n frente al disco solar, un evento que dur\u00f3 solo una fracci\u00f3n de segundo pero que me produjo una gran emoci\u00f3n, ya que esto solo me hab\u00eda ocurrido una vez en todos mis a\u00f1os de fotograf\u00eda solar, y en esa ocasi\u00f3n anterior, perd\u00ed la oportunidad porque estaba ajustando el enfoque de mi telescopio.<\/p>\n<p>\u00a1Fue una hermosa coincidencia!<\/p>","protected":false},"excerpt":{"rendered":"<p>Impresi\u00f3n fine art de 40&#215;40 cm, (sin marco)<\/p>","protected":false},"featured_media":5468,"comment_status":"open","ping_status":"closed","template":"","meta":[],"product_brand":[],"product_cat":[66,54],"product_tag":[],"class_list":{"0":"post-5947","1":"product","2":"type-product","3":"status-publish","4":"has-post-thumbnail","6":"product_cat-oferta","7":"product_cat-solar","9":"first","10":"instock","11":"shipping-taxable","12":"purchasable","13":"product-type-simple"},"_links":{"self":[{"href":"https:\/\/eduardoschaberger.ar\/en\/wp-json\/wp\/v2\/product\/5947","targetHints":{"allow":["GET"]}}],"collection":[{"href":"https:\/\/eduardoschaberger.ar\/en\/wp-json\/wp\/v2\/product"}],"about":[{"href":"https:\/\/eduardoschaberger.ar\/en\/wp-json\/wp\/v2\/types\/product"}],"replies":[{"embeddable":true,"href":"https:\/\/eduardoschaberger.ar\/en\/wp-json\/wp\/v2\/comments?post=5947"}],"wp:featuredmedia":[{"embeddable":true,"href":"https:\/\/eduardoschaberger.ar\/en\/wp-json\/wp\/v2\/media\/5468"}],"wp:attachment":[{"href":"https:\/\/eduardoschaberger.ar\/en\/wp-json\/wp\/v2\/media?parent=5947"}],"wp:term":[{"taxonomy":"product_brand","embeddable":true,"href":"https:\/\/eduardoschaberger.ar\/en\/wp-json\/wp\/v2\/product_brand?post=5947"},{"taxonomy":"product_cat","embeddable":true,"href":"https:\/\/eduardoschaberger.ar\/en\/wp-json\/wp\/v2\/product_cat?post=5947"},{"taxonomy":"product_tag","embeddable":true,"href":"https:\/\/eduardoschaberger.ar\/en\/wp-json\/wp\/v2\/product_tag?post=5947"}],"curies":[{"name":"wp","href":"https:\/\/api.w.org\/{rel}","templated":true}]}}