{"id":5948,"date":"2025-12-08T16:45:03","date_gmt":"2025-12-08T19:45:03","guid":{"rendered":"https:\/\/eduardoschaberger.ar\/?post_type=product&#038;p=5948"},"modified":"2025-12-08T16:45:48","modified_gmt":"2025-12-08T19:45:48","slug":"oferta-manchas-solares-al-atardecer","status":"publish","type":"product","link":"https:\/\/eduardoschaberger.ar\/en\/tienda\/oferta-manchas-solares-al-atardecer\/","title":{"rendered":"OFERTA &#8211; Manchas solares al atardecer"},"content":{"rendered":"<p>Impresi\u00f3n fine art de 60&#215;40 cm, (sin marco)<\/p>\n<p>Durante el atardecer del 19 de enero de 2023, quise retratar nuestro sol y la gran mancha solar AR3190 de una manera diferente. Decid\u00ed reemplazar mi telescopio por una lente y c\u00e1mara convencionales, conectando as\u00ed nuestra estrella con un paisaje terrestre.<\/p>\n<p>Tuve la &#8220;suerte&#8221; de que la gran cantidad de polvo en el aire, debido a la sequ\u00eda que afectaba nuestra regi\u00f3n, actu\u00f3 como un filtro para reducir la intensidad de la luz solar.<br \/>\nLa fotograf\u00eda obtenida nos muestra el sol poni\u00e9ndose detr\u00e1s de uno de los abundantes molinos de viento caracter\u00edsticos de nuestros campos. Dentro del disco solar se pueden observar m\u00faltiples manchas solares, y en el cielo, docenas de p\u00e1jaros regresan a sus nidos despu\u00e9s de un d\u00eda buscando comida.<\/p>","protected":false},"excerpt":{"rendered":"<p>Impresi\u00f3n fine art de 60&#215;40 cm, (sin marco)<\/p>","protected":false},"featured_media":5459,"comment_status":"open","ping_status":"closed","template":"","meta":[],"product_brand":[],"product_cat":[66,56],"product_tag":[],"class_list":{"0":"post-5948","1":"product","2":"type-product","3":"status-publish","4":"has-post-thumbnail","6":"product_cat-oferta","7":"product_cat-paisaje-astronomico","9":"first","10":"instock","11":"shipping-taxable","12":"purchasable","13":"product-type-simple"},"_links":{"self":[{"href":"https:\/\/eduardoschaberger.ar\/en\/wp-json\/wp\/v2\/product\/5948","targetHints":{"allow":["GET"]}}],"collection":[{"href":"https:\/\/eduardoschaberger.ar\/en\/wp-json\/wp\/v2\/product"}],"about":[{"href":"https:\/\/eduardoschaberger.ar\/en\/wp-json\/wp\/v2\/types\/product"}],"replies":[{"embeddable":true,"href":"https:\/\/eduardoschaberger.ar\/en\/wp-json\/wp\/v2\/comments?post=5948"}],"wp:featuredmedia":[{"embeddable":true,"href":"https:\/\/eduardoschaberger.ar\/en\/wp-json\/wp\/v2\/media\/5459"}],"wp:attachment":[{"href":"https:\/\/eduardoschaberger.ar\/en\/wp-json\/wp\/v2\/media?parent=5948"}],"wp:term":[{"taxonomy":"product_brand","embeddable":true,"href":"https:\/\/eduardoschaberger.ar\/en\/wp-json\/wp\/v2\/product_brand?post=5948"},{"taxonomy":"product_cat","embeddable":true,"href":"https:\/\/eduardoschaberger.ar\/en\/wp-json\/wp\/v2\/product_cat?post=5948"},{"taxonomy":"product_tag","embeddable":true,"href":"https:\/\/eduardoschaberger.ar\/en\/wp-json\/wp\/v2\/product_tag?post=5948"}],"curies":[{"name":"wp","href":"https:\/\/api.w.org\/{rel}","templated":true}]}}