{"id":5949,"date":"2025-12-08T16:46:17","date_gmt":"2025-12-08T19:46:17","guid":{"rendered":"https:\/\/eduardoschaberger.ar\/?post_type=product&#038;p=5949"},"modified":"2025-12-08T16:46:59","modified_gmt":"2025-12-08T19:46:59","slug":"oferta-luna-medusa","status":"publish","type":"product","link":"https:\/\/eduardoschaberger.ar\/en\/tienda\/oferta-luna-medusa\/","title":{"rendered":"OFERTA &#8211; Luna medusa"},"content":{"rendered":"<p>Impresi\u00f3n fine art de 60&#215;40 cm, (sin marco)<\/p>\n<p>El s\u00e1bado 9 de abril de 2022, planeaba fotografiar la luna que ya hab\u00eda alcanzado su fase creciente durante las primeras horas en Argentina. Pero el cielo nublado fue constante y esto me llev\u00f3 a cambiar mi idea de obtener una imagen detallada, as\u00ed que opt\u00e9 por capturar este paisaje evocador, donde podemos ver la luna cubierta por delicadas nubes, que la hac\u00edan parecer una gigantesca medusa flotando en el cielo azul.<\/p>","protected":false},"excerpt":{"rendered":"<p>Impresi\u00f3n fine art de 60&#215;40 cm, (sin marco)<\/p>","protected":false},"featured_media":5460,"comment_status":"open","ping_status":"closed","template":"","meta":[],"product_brand":[],"product_cat":[55,66],"product_tag":[],"class_list":{"0":"post-5949","1":"product","2":"type-product","3":"status-publish","4":"has-post-thumbnail","6":"product_cat-lunar","7":"product_cat-oferta","9":"first","10":"instock","11":"shipping-taxable","12":"purchasable","13":"product-type-simple"},"_links":{"self":[{"href":"https:\/\/eduardoschaberger.ar\/en\/wp-json\/wp\/v2\/product\/5949","targetHints":{"allow":["GET"]}}],"collection":[{"href":"https:\/\/eduardoschaberger.ar\/en\/wp-json\/wp\/v2\/product"}],"about":[{"href":"https:\/\/eduardoschaberger.ar\/en\/wp-json\/wp\/v2\/types\/product"}],"replies":[{"embeddable":true,"href":"https:\/\/eduardoschaberger.ar\/en\/wp-json\/wp\/v2\/comments?post=5949"}],"wp:featuredmedia":[{"embeddable":true,"href":"https:\/\/eduardoschaberger.ar\/en\/wp-json\/wp\/v2\/media\/5460"}],"wp:attachment":[{"href":"https:\/\/eduardoschaberger.ar\/en\/wp-json\/wp\/v2\/media?parent=5949"}],"wp:term":[{"taxonomy":"product_brand","embeddable":true,"href":"https:\/\/eduardoschaberger.ar\/en\/wp-json\/wp\/v2\/product_brand?post=5949"},{"taxonomy":"product_cat","embeddable":true,"href":"https:\/\/eduardoschaberger.ar\/en\/wp-json\/wp\/v2\/product_cat?post=5949"},{"taxonomy":"product_tag","embeddable":true,"href":"https:\/\/eduardoschaberger.ar\/en\/wp-json\/wp\/v2\/product_tag?post=5949"}],"curies":[{"name":"wp","href":"https:\/\/api.w.org\/{rel}","templated":true}]}}